{"id":4299,"date":"2021-04-13T13:48:32","date_gmt":"2021-04-13T12:48:32","guid":{"rendered":"https:\/\/mcbelectronics.it\/cookie-richtlinie"},"modified":"2021-06-09T07:11:43","modified_gmt":"2021-06-09T06:11:43","slug":"cookie-richtlinie","status":"publish","type":"page","link":"https:\/\/mcbelectronics.it\/de\/cookie-richtlinie","title":{"rendered":"Cookie-Richtlinie"},"content":{"rendered":"<div class=\"fusion-fullwidth fullwidth-box fusion-builder-row-1 fusion-flex-container nonhundred-percent-fullwidth non-hundred-percent-height-scrolling\" style=\"--awb-border-radius-top-left:0px;--awb-border-radius-top-right:0px;--awb-border-radius-bottom-right:0px;--awb-border-radius-bottom-left:0px;--awb-flex-wrap:wrap;\" ><div class=\"fusion-builder-row fusion-row fusion-flex-align-items-flex-start fusion-flex-content-wrap\" style=\"max-width:calc( 1200px + 30px );margin-left: calc(-30px \/ 2 );margin-right: calc(-30px \/ 2 );\"><div class=\"fusion-layout-column fusion_builder_column fusion-builder-column-0 fusion_builder_column_1_1 1_1 fusion-flex-column\" style=\"--awb-bg-size:cover;--awb-width-large:100%;--awb-margin-top-large:15px;--awb-spacing-right-large:15px;--awb-margin-bottom-large:15px;--awb-spacing-left-large:15px;--awb-width-medium:100%;--awb-order-medium:0;--awb-spacing-right-medium:15px;--awb-spacing-left-medium:15px;--awb-width-small:100%;--awb-order-small:0;--awb-spacing-right-small:15px;--awb-spacing-left-small:15px;\"><div class=\"fusion-column-wrapper fusion-column-has-shadow fusion-flex-justify-content-flex-start fusion-content-layout-column\"><div class=\"fusion-title title fusion-title-1 fusion-sep-none fusion-title-text fusion-title-size-one\" style=\"--awb-margin-top-small:20px;--awb-margin-right-small:0px;--awb-margin-bottom-small:20px;--awb-margin-left-small:0px;\"><h1 class=\"fusion-title-heading title-heading-left fusion-responsive-typography-calculated\" style=\"margin:0;--fontSize:60;line-height:1.4;\">Cookie-Richtlinie<\/h1><\/div><div class=\"fusion-text fusion-text-1\"><p>Unsere Website verwendet technische Cookies, die notwendig sind, um die Nutzung der Dienste f\u00fcr unsere Besucher zu erleichtern. Es werden auch Komponenten von Drittanbietern verwendet, die wiederum Cookies erzeugen k\u00f6nnten, f\u00fcr die wir nicht verantwortlich sein k\u00f6nnen.<\/p>\n<\/div><\/div><\/div><\/div><\/div>\n","protected":false},"excerpt":{"rendered":"","protected":false},"author":1,"featured_media":0,"parent":0,"menu_order":0,"comment_status":"closed","ping_status":"closed","template":"","meta":{"footnotes":""},"class_list":["post-4299","page","type-page","status-publish","hentry"],"yoast_head":"<!-- This site is optimized with the Yoast SEO Premium plugin v26.6 (Yoast SEO v27.3) - https:\/\/yoast.com\/product\/yoast-seo-premium-wordpress\/ -->\n<title>Cookie-Richtlinie - MCB Elettronica<\/title>\n<meta name=\"description\" content=\"AC Power Source, Frequency Converter, Voltage Regulator, Voltage Stabilizer\" \/>\n<meta name=\"robots\" content=\"index, follow, max-snippet:-1, max-image-preview:large, max-video-preview:-1\" \/>\n<link rel=\"canonical\" href=\"https:\/\/mcbelectronics.it\/de\/cookie-richtlinie\" \/>\n<meta property=\"og:locale\" content=\"de_DE\" \/>\n<meta property=\"og:type\" content=\"article\" \/>\n<meta property=\"og:title\" content=\"Cookie-Richtlinie\" \/>\n<meta property=\"og:url\" content=\"https:\/\/mcbelectronics.it\/de\/cookie-richtlinie\" \/>\n<meta property=\"og:site_name\" content=\"MCB Elettronica\" \/>\n<meta property=\"article:modified_time\" content=\"2021-06-09T06:11:43+00:00\" \/>\n<meta property=\"og:image\" content=\"https:\/\/mcbelectronics.it\/wp-content\/uploads\/2021\/03\/cropped-favicon.gif\" \/>\n\t<meta property=\"og:image:width\" content=\"512\" \/>\n\t<meta property=\"og:image:height\" content=\"512\" \/>\n\t<meta property=\"og:image:type\" content=\"image\/gif\" \/>\n<meta name=\"twitter:card\" content=\"summary_large_image\" \/>\n<meta name=\"twitter:label1\" content=\"Gesch\u00e4tzte Lesezeit\" \/>\n\t<meta name=\"twitter:data1\" content=\"4\u00a0Minuten\" \/>\n<script type=\"application\/ld+json\" class=\"yoast-schema-graph\">{\"@context\":\"https:\\\/\\\/schema.org\",\"@graph\":[{\"@type\":\"WebPage\",\"@id\":\"https:\\\/\\\/mcbelectronics.it\\\/de\\\/cookie-richtlinie\",\"url\":\"https:\\\/\\\/mcbelectronics.it\\\/de\\\/cookie-richtlinie\",\"name\":\"Cookie-Richtlinie - MCB Elettronica\",\"isPartOf\":{\"@id\":\"https:\\\/\\\/mcbelectronics.it\\\/de#website\"},\"datePublished\":\"2021-04-13T12:48:32+00:00\",\"dateModified\":\"2021-06-09T06:11:43+00:00\",\"description\":\"AC Power Source, Frequency Converter, Voltage Regulator, Voltage Stabilizer\",\"breadcrumb\":{\"@id\":\"https:\\\/\\\/mcbelectronics.it\\\/de\\\/cookie-richtlinie#breadcrumb\"},\"inLanguage\":\"de\",\"potentialAction\":[{\"@type\":\"ReadAction\",\"target\":[\"https:\\\/\\\/mcbelectronics.it\\\/de\\\/cookie-richtlinie\"]}]},{\"@type\":\"BreadcrumbList\",\"@id\":\"https:\\\/\\\/mcbelectronics.it\\\/de\\\/cookie-richtlinie#breadcrumb\",\"itemListElement\":[{\"@type\":\"ListItem\",\"position\":1,\"name\":\"Home\",\"item\":\"https:\\\/\\\/mcbelectronics.it\\\/de\\\/startseite\"},{\"@type\":\"ListItem\",\"position\":2,\"name\":\"Cookie-Richtlinie\"}]},{\"@type\":\"WebSite\",\"@id\":\"https:\\\/\\\/mcbelectronics.it\\\/de#website\",\"url\":\"https:\\\/\\\/mcbelectronics.it\\\/de\",\"name\":\"MCB Elettronica\",\"description\":\"Elettronica di potenza\",\"publisher\":{\"@id\":\"https:\\\/\\\/mcbelectronics.it\\\/de#organization\"},\"potentialAction\":[{\"@type\":\"SearchAction\",\"target\":{\"@type\":\"EntryPoint\",\"urlTemplate\":\"https:\\\/\\\/mcbelectronics.it\\\/de?s={search_term_string}\"},\"query-input\":{\"@type\":\"PropertyValueSpecification\",\"valueRequired\":true,\"valueName\":\"search_term_string\"}}],\"inLanguage\":\"de\"},{\"@type\":\"Organization\",\"@id\":\"https:\\\/\\\/mcbelectronics.it\\\/de#organization\",\"name\":\"MCB Electronics\",\"alternateName\":\"MCB Srl\",\"url\":\"https:\\\/\\\/mcbelectronics.it\\\/de\",\"logo\":{\"@type\":\"ImageObject\",\"inLanguage\":\"de\",\"@id\":\"https:\\\/\\\/mcbelectronics.it\\\/de#\\\/schema\\\/logo\\\/image\\\/\",\"url\":\"https:\\\/\\\/mcbelectronics.it\\\/wp-content\\\/uploads\\\/2021\\\/03\\\/MCB-ELECTRONICS-logo2021-w200.svg\",\"contentUrl\":\"https:\\\/\\\/mcbelectronics.it\\\/wp-content\\\/uploads\\\/2021\\\/03\\\/MCB-ELECTRONICS-logo2021-w200.svg\",\"width\":200,\"height\":96,\"caption\":\"MCB Electronics\"},\"image\":{\"@id\":\"https:\\\/\\\/mcbelectronics.it\\\/de#\\\/schema\\\/logo\\\/image\\\/\"},\"sameAs\":[\"https:\\\/\\\/www.instagram.com\\\/mcbelectronics\\\/\",\"https:\\\/\\\/www.linkedin.com\\\/company\\\/mcbelectronics\\\/\"]}]}<\/script>\n<!-- \/ Yoast SEO Premium plugin. -->","yoast_head_json":{"title":"Cookie-Richtlinie - MCB Elettronica","description":"AC Power Source, Frequency Converter, Voltage Regulator, Voltage Stabilizer","robots":{"index":"index","follow":"follow","max-snippet":"max-snippet:-1","max-image-preview":"max-image-preview:large","max-video-preview":"max-video-preview:-1"},"canonical":"https:\/\/mcbelectronics.it\/de\/cookie-richtlinie","og_locale":"de_DE","og_type":"article","og_title":"Cookie-Richtlinie","og_url":"https:\/\/mcbelectronics.it\/de\/cookie-richtlinie","og_site_name":"MCB Elettronica","article_modified_time":"2021-06-09T06:11:43+00:00","og_image":[{"width":512,"height":512,"url":"https:\/\/mcbelectronics.it\/wp-content\/uploads\/2021\/03\/cropped-favicon.gif","type":"image\/gif"}],"twitter_card":"summary_large_image","twitter_misc":{"Gesch\u00e4tzte Lesezeit":"4\u00a0Minuten"},"schema":{"@context":"https:\/\/schema.org","@graph":[{"@type":"WebPage","@id":"https:\/\/mcbelectronics.it\/de\/cookie-richtlinie","url":"https:\/\/mcbelectronics.it\/de\/cookie-richtlinie","name":"Cookie-Richtlinie - MCB Elettronica","isPartOf":{"@id":"https:\/\/mcbelectronics.it\/de#website"},"datePublished":"2021-04-13T12:48:32+00:00","dateModified":"2021-06-09T06:11:43+00:00","description":"AC Power Source, Frequency Converter, Voltage Regulator, Voltage Stabilizer","breadcrumb":{"@id":"https:\/\/mcbelectronics.it\/de\/cookie-richtlinie#breadcrumb"},"inLanguage":"de","potentialAction":[{"@type":"ReadAction","target":["https:\/\/mcbelectronics.it\/de\/cookie-richtlinie"]}]},{"@type":"BreadcrumbList","@id":"https:\/\/mcbelectronics.it\/de\/cookie-richtlinie#breadcrumb","itemListElement":[{"@type":"ListItem","position":1,"name":"Home","item":"https:\/\/mcbelectronics.it\/de\/startseite"},{"@type":"ListItem","position":2,"name":"Cookie-Richtlinie"}]},{"@type":"WebSite","@id":"https:\/\/mcbelectronics.it\/de#website","url":"https:\/\/mcbelectronics.it\/de","name":"MCB Elettronica","description":"Elettronica di potenza","publisher":{"@id":"https:\/\/mcbelectronics.it\/de#organization"},"potentialAction":[{"@type":"SearchAction","target":{"@type":"EntryPoint","urlTemplate":"https:\/\/mcbelectronics.it\/de?s={search_term_string}"},"query-input":{"@type":"PropertyValueSpecification","valueRequired":true,"valueName":"search_term_string"}}],"inLanguage":"de"},{"@type":"Organization","@id":"https:\/\/mcbelectronics.it\/de#organization","name":"MCB Electronics","alternateName":"MCB Srl","url":"https:\/\/mcbelectronics.it\/de","logo":{"@type":"ImageObject","inLanguage":"de","@id":"https:\/\/mcbelectronics.it\/de#\/schema\/logo\/image\/","url":"https:\/\/mcbelectronics.it\/wp-content\/uploads\/2021\/03\/MCB-ELECTRONICS-logo2021-w200.svg","contentUrl":"https:\/\/mcbelectronics.it\/wp-content\/uploads\/2021\/03\/MCB-ELECTRONICS-logo2021-w200.svg","width":200,"height":96,"caption":"MCB Electronics"},"image":{"@id":"https:\/\/mcbelectronics.it\/de#\/schema\/logo\/image\/"},"sameAs":["https:\/\/www.instagram.com\/mcbelectronics\/","https:\/\/www.linkedin.com\/company\/mcbelectronics\/"]}]}},"_links":{"self":[{"href":"https:\/\/mcbelectronics.it\/de\/wp-json\/wp\/v2\/pages\/4299","targetHints":{"allow":["GET"]}}],"collection":[{"href":"https:\/\/mcbelectronics.it\/de\/wp-json\/wp\/v2\/pages"}],"about":[{"href":"https:\/\/mcbelectronics.it\/de\/wp-json\/wp\/v2\/types\/page"}],"author":[{"embeddable":true,"href":"https:\/\/mcbelectronics.it\/de\/wp-json\/wp\/v2\/users\/1"}],"replies":[{"embeddable":true,"href":"https:\/\/mcbelectronics.it\/de\/wp-json\/wp\/v2\/comments?post=4299"}],"version-history":[{"count":14,"href":"https:\/\/mcbelectronics.it\/de\/wp-json\/wp\/v2\/pages\/4299\/revisions"}],"predecessor-version":[{"id":6730,"href":"https:\/\/mcbelectronics.it\/de\/wp-json\/wp\/v2\/pages\/4299\/revisions\/6730"}],"wp:attachment":[{"href":"https:\/\/mcbelectronics.it\/de\/wp-json\/wp\/v2\/media?parent=4299"}],"curies":[{"name":"wp","href":"https:\/\/api.w.org\/{rel}","templated":true}]}}