{"id":4571,"date":"2021-03-24T15:53:18","date_gmt":"2021-03-24T14:53:18","guid":{"rendered":"https:\/\/mcbelectronics.it\/produkte"},"modified":"2024-03-12T09:07:06","modified_gmt":"2024-03-12T08:07:06","slug":"produkte","status":"publish","type":"page","link":"https:\/\/mcbelectronics.it\/de\/produkte","title":{"rendered":"Produkte"},"content":{"rendered":"<p><div class=\"fusion-fullwidth fullwidth-box fusion-builder-row-1 fusion-flex-container has-pattern-background has-mask-background nonhundred-percent-fullwidth non-hundred-percent-height-scrolling\" style=\"--awb-border-radius-top-left:0px;--awb-border-radius-top-right:0px;--awb-border-radius-bottom-right:0px;--awb-border-radius-bottom-left:0px;--awb-padding-bottom:0px;--awb-margin-bottom:0px;--awb-background-color:var(--awb-color3);--awb-flex-wrap:wrap;\" ><div class=\"fusion-builder-row fusion-row fusion-flex-align-items-flex-start fusion-flex-content-wrap\" style=\"max-width:calc( 1200px + 30px );margin-left: calc(-30px \/ 2 );margin-right: calc(-30px \/ 2 );\"><div class=\"fusion-layout-column fusion_builder_column fusion-builder-column-0 fusion_builder_column_1_1 1_1 fusion-flex-column\" style=\"--awb-bg-size:cover;--awb-width-large:100%;--awb-margin-top-large:15px;--awb-spacing-right-large:15px;--awb-margin-bottom-large:15px;--awb-spacing-left-large:15px;--awb-width-medium:100%;--awb-order-medium:0;--awb-spacing-right-medium:15px;--awb-spacing-left-medium:15px;--awb-width-small:100%;--awb-order-small:0;--awb-spacing-right-small:15px;--awb-spacing-left-small:15px;\"><div class=\"fusion-column-wrapper fusion-column-has-shadow fusion-flex-justify-content-flex-start fusion-content-layout-column\"><div class=\"fusion-title title fusion-title-1 fusion-sep-none fusion-title-center fusion-title-text fusion-title-size-one\" style=\"--awb-margin-top-small:20px;--awb-margin-right-small:0px;--awb-margin-bottom-small:20px;--awb-margin-left-small:0px;\"><h1 class=\"fusion-title-heading title-heading-center fusion-responsive-typography-calculated\" style=\"margin:0;--fontSize:60;line-height:1.4;\">Produkte<\/h1><\/div><\/div><\/div><\/div><\/div><div class=\"fusion-fullwidth fullwidth-box fusion-builder-row-2 fusion-flex-container has-pattern-background has-mask-background nonhundred-percent-fullwidth non-hundred-percent-height-scrolling\" style=\"--awb-border-color:#000080;--awb-border-radius-top-left:0px;--awb-border-radius-top-right:0px;--awb-border-radius-bottom-right:0px;--awb-border-radius-bottom-left:0px;--awb-background-color:var(--awb-color6);--awb-flex-wrap:wrap;\" ><div class=\"fusion-builder-row fusion-row fusion-flex-align-items-stretch fusion-flex-justify-content-center fusion-flex-content-wrap\" style=\"max-width:calc( 1200px + 30px );margin-left: calc(-30px \/ 2 );margin-right: calc(-30px \/ 2 );\"><div class=\"fusion-layout-column fusion_builder_column fusion-builder-column-1 fusion_builder_column_1_1 1_1 fusion-flex-column\" style=\"--awb-bg-size:cover;--awb-width-large:100%;--awb-margin-top-large:15px;--awb-spacing-right-large:15px;--awb-margin-bottom-large:15px;--awb-spacing-left-large:15px;--awb-width-medium:100%;--awb-order-medium:0;--awb-spacing-right-medium:15px;--awb-spacing-left-medium:15px;--awb-width-small:100%;--awb-order-small:0;--awb-spacing-right-small:15px;--awb-spacing-left-small:15px;\"><div class=\"fusion-column-wrapper fusion-column-has-shadow fusion-flex-justify-content-flex-start fusion-content-layout-column\"><div class=\"fusion-title title fusion-title-2 fusion-sep-none fusion-title-center fusion-title-text fusion-title-size-two\" style=\"--awb-margin-top-small:20px;--awb-margin-right-small:0px;--awb-margin-bottom-small:20px;--awb-margin-left-small:0px;\"><h2 class=\"fusion-title-heading title-heading-center fusion-responsive-typography-calculated\" style=\"margin:0;--fontSize:45;line-height:1.5;\">MCB Electronics Produkte<\/h2><\/div><\/div><\/div><div class=\"fusion-layout-column fusion_builder_column fusion-builder-column-2 fusion_builder_column_1_2 1_2 fusion-flex-column\" style=\"--awb-bg-size:cover;--awb-width-large:50%;--awb-margin-top-large:15px;--awb-spacing-right-large:15px;--awb-margin-bottom-large:15px;--awb-spacing-left-large:15px;--awb-width-medium:100%;--awb-order-medium:0;--awb-spacing-right-medium:15px;--awb-spacing-left-medium:15px;--awb-width-small:100%;--awb-order-small:0;--awb-spacing-right-small:15px;--awb-spacing-left-small:15px;\"><div class=\"fusion-column-wrapper fusion-column-has-shadow fusion-flex-justify-content-flex-start fusion-content-layout-column\"><div class=\"fusion-text fusion-text-1\" style=\"--awb-content-alignment:justify;--awb-text-transform:none;--awb-text-color:var(--awb-color8);\"><p>Wir k\u00f6nnen eine breite Palette von anpassbaren <a href=\"https:\/\/it.wikipedia.org\/wiki\/Power_electronics\">Energieumwandlungsl\u00f6sungen<\/a> anbieten: MCB Electronics-Produkte sind AC-Stromquellen, Stromgeneratoren (AC\/AC und AC\/DC), industrielle AC\/DC-Netzteile und regenerative bidirektionale DC-Netzteile.<\/p>\n<\/div><\/div><\/div><div class=\"fusion-layout-column fusion_builder_column fusion-builder-column-3 fusion_builder_column_1_2 1_2 fusion-flex-column\" style=\"--awb-bg-size:cover;--awb-width-large:50%;--awb-margin-top-large:15px;--awb-spacing-right-large:15px;--awb-margin-bottom-large:15px;--awb-spacing-left-large:15px;--awb-width-medium:100%;--awb-order-medium:0;--awb-spacing-right-medium:15px;--awb-spacing-left-medium:15px;--awb-width-small:100%;--awb-order-small:0;--awb-spacing-right-small:15px;--awb-spacing-left-small:15px;\"><div class=\"fusion-column-wrapper fusion-column-has-shadow fusion-flex-justify-content-flex-start fusion-content-layout-column\"><div style=\"text-align:center;\"><a class=\"fusion-button button-flat fusion-button-default-size button-default fusion-button-default button-1 fusion-button-default-span fusion-button-default-type fusion-menu\" target=\"_self\" href=\"https:\/\/mcbelectronics.it\/wp-content\/uploads\/docs\/Overview_Products.pdf\"><span class=\"fusion-button-text awb-button__text awb-button__text--default\">Technologischer \u00dcberblick<\/span><\/a><\/div><\/div><\/div><div class=\"fusion-layout-column fusion_builder_column fusion-builder-column-4 fusion_builder_column_1_3 1_3 fusion-flex-column\" style=\"--awb-padding-top:30px;--awb-padding-right:30px;--awb-padding-bottom:30px;--awb-padding-left:30px;--awb-bg-color:#ffffff;--awb-bg-color-hover:#ffffff;--awb-bg-blend:overlay;--awb-bg-size:cover;--awb-border-color:#000080;--awb-border-top:2px;--awb-border-right:2px;--awb-border-bottom:2px;--awb-border-left:2px;--awb-border-style:solid;--awb-width-large:33.333333333333%;--awb-margin-top-large:15px;--awb-spacing-right-large:15px;--awb-margin-bottom-large:15px;--awb-spacing-left-large:15px;--awb-width-medium:100%;--awb-order-medium:0;--awb-spacing-right-medium:15px;--awb-spacing-left-medium:15px;--awb-width-small:100%;--awb-order-small:0;--awb-spacing-right-small:15px;--awb-spacing-left-small:15px;\"><div class=\"fusion-column-wrapper fusion-column-has-shadow fusion-flex-justify-content-space-between fusion-content-layout-column\"><div class=\"fusion-title title fusion-title-3 fusion-sep-none fusion-title-center fusion-title-text fusion-title-size-three\" style=\"--awb-text-color:var(--awb-color7);--awb-margin-top-small:20px;--awb-margin-right-small:0px;--awb-margin-bottom-small:20px;--awb-margin-left-small:0px;\"><h3 class=\"fusion-title-heading title-heading-center fusion-responsive-typography-calculated\" style=\"margin:0;--fontSize:35;line-height:1.5;\">AC-Stromquelle: Power-BOOST<\/h3><\/div><div class=\"fusion-text fusion-text-2\" style=\"--awb-content-alignment:justify;--awb-text-transform:none;--awb-text-color:var(--awb-color8);\"><p>Die Power-Boost-Serie ist eine kosteng\u00fcnstige L\u00f6sung, um die Anforderungen der Frequenzumwandlung, Spannungsregelung und -stabilisierung zu erf\u00fcllen, insbesondere f\u00fcr Hochleistungsanwendungen, bei denen auch die dreiphasige Leistung verf\u00fcgbar ist.<\/p>\n<\/div><div style=\"text-align:center;\"><a class=\"fusion-button button-flat fusion-button-default-size button-default fusion-button-default button-2 fusion-button-default-span fusion-button-default-type button2lines\" target=\"_self\" href=\"https:\/\/mcbelectronics.it\/products\/ac-ac-power-sources#power_boost\"><span class=\"fusion-button-text awb-button__text awb-button__text--default\">Mehr Infos zu Power-Boost<\/span><\/a><\/div><\/div><\/div><div class=\"fusion-layout-column fusion_builder_column fusion-builder-column-5 fusion_builder_column_1_3 1_3 fusion-flex-column\" style=\"--awb-padding-top:30px;--awb-padding-right:30px;--awb-padding-bottom:30px;--awb-padding-left:30px;--awb-bg-color:#ffffff;--awb-bg-color-hover:#ffffff;--awb-bg-blend:overlay;--awb-bg-size:cover;--awb-border-color:#000080;--awb-border-top:2px;--awb-border-right:2px;--awb-border-bottom:2px;--awb-border-left:2px;--awb-border-style:solid;--awb-width-large:33.333333333333%;--awb-margin-top-large:15px;--awb-spacing-right-large:15px;--awb-margin-bottom-large:15px;--awb-spacing-left-large:15px;--awb-width-medium:100%;--awb-order-medium:0;--awb-spacing-right-medium:15px;--awb-spacing-left-medium:15px;--awb-width-small:100%;--awb-order-small:0;--awb-spacing-right-small:15px;--awb-spacing-left-small:15px;\"><div class=\"fusion-column-wrapper fusion-column-has-shadow fusion-flex-justify-content-space-between fusion-content-layout-column\"><div class=\"fusion-title title fusion-title-4 fusion-sep-none fusion-title-center fusion-title-text fusion-title-size-three\" style=\"--awb-text-color:var(--awb-color7);--awb-margin-top-small:20px;--awb-margin-right-small:0px;--awb-margin-bottom-small:20px;--awb-margin-left-small:0px;\"><h3 class=\"fusion-title-heading title-heading-center fusion-responsive-typography-calculated\" style=\"margin:0;--fontSize:35;line-height:1.5;\">Wechselstromquelle: Power-TRUST<\/h3><\/div><div class=\"fusion-text fusion-text-3\" style=\"--awb-content-alignment:justify;--awb-text-transform:none;--awb-text-color:var(--awb-color8);\"><p>Power-Trust ist wie Power-Boost ohne Transformator und standardm\u00e4\u00dfig nur in der TS-Version (Three to Single Phase) erh\u00e4ltlich<\/p>\n<\/div><div style=\"text-align:center;\"><a class=\"fusion-button button-flat fusion-button-default-size button-default fusion-button-default button-3 fusion-button-default-span fusion-button-default-type button2lines\" target=\"_self\" href=\"https:\/\/mcbelectronics.it\/products\/ac-ac-power-sources#power_trust\"><span class=\"fusion-button-text awb-button__text awb-button__text--default\">Mehr Infos zu Power-Trust<\/span><\/a><\/div><\/div><\/div><div class=\"fusion-layout-column fusion_builder_column fusion-builder-column-6 fusion_builder_column_1_3 1_3 fusion-flex-column\" style=\"--awb-padding-top:30px;--awb-padding-right:30px;--awb-padding-bottom:30px;--awb-padding-left:30px;--awb-bg-color:#ffffff;--awb-bg-color-hover:#ffffff;--awb-bg-blend:overlay;--awb-bg-size:cover;--awb-border-color:#000080;--awb-border-top:2px;--awb-border-right:2px;--awb-border-bottom:2px;--awb-border-left:2px;--awb-border-style:solid;--awb-width-large:33.333333333333%;--awb-margin-top-large:15px;--awb-spacing-right-large:15px;--awb-margin-bottom-large:15px;--awb-spacing-left-large:15px;--awb-width-medium:100%;--awb-order-medium:0;--awb-spacing-right-medium:15px;--awb-spacing-left-medium:15px;--awb-width-small:100%;--awb-order-small:0;--awb-spacing-right-small:15px;--awb-spacing-left-small:15px;\"><div class=\"fusion-column-wrapper fusion-column-has-shadow fusion-flex-justify-content-space-between fusion-content-layout-column\"><div class=\"fusion-title title fusion-title-5 fusion-sep-none fusion-title-center fusion-title-text fusion-title-size-three\" style=\"--awb-text-color:var(--awb-color7);--awb-margin-top-small:20px;--awb-margin-right-small:0px;--awb-margin-bottom-small:20px;--awb-margin-left-small:0px;\"><h3 class=\"fusion-title-heading title-heading-center fusion-responsive-typography-calculated\" style=\"margin:0;--fontSize:35;line-height:1.5;text-shadow:0px;\">Stromgenerator: Power-FLOW<\/h3><\/div><div class=\"fusion-text fusion-text-4\" style=\"--awb-content-alignment:justify;--awb-text-transform:none;--awb-text-color:var(--awb-color8);\"><p>Stromgeneratoren sind spezielle Wechselstromquellen, die einen beliebig hohen Ausgangsstrom (bis zu Zehntausende von Ampere) und eine niedrige Ausgangsspannung (weniger als 10 V) bereitstellen k\u00f6nnen. AC-Eingang, AC- und DC-Ausgang.<\/p>\n<\/div><div style=\"text-align:center;\"><a class=\"fusion-button button-flat fusion-button-default-size button-default fusion-button-default button-4 fusion-button-default-span fusion-button-default-type button2lines\" target=\"_self\" href=\"https:\/\/mcbelectronics.it\/de\/produkte\/stromgeneratoren\"><span class=\"fusion-button-text awb-button__text awb-button__text--default\">Weitere Informationen zu den Stromgeneratoren<\/span><\/a><\/div><\/div><\/div><div class=\"fusion-layout-column fusion_builder_column fusion-builder-column-7 fusion_builder_column_1_3 1_3 fusion-flex-column\" style=\"--awb-padding-top:30px;--awb-padding-right:30px;--awb-padding-bottom:30px;--awb-padding-left:30px;--awb-bg-color:#ffffff;--awb-bg-color-hover:#ffffff;--awb-bg-blend:overlay;--awb-bg-size:cover;--awb-border-color:#000080;--awb-border-top:2px;--awb-border-right:2px;--awb-border-bottom:2px;--awb-border-left:2px;--awb-border-style:solid;--awb-width-large:33.333333333333%;--awb-margin-top-large:15px;--awb-spacing-right-large:15px;--awb-margin-bottom-large:15px;--awb-spacing-left-large:15px;--awb-width-medium:100%;--awb-order-medium:0;--awb-spacing-right-medium:15px;--awb-spacing-left-medium:15px;--awb-width-small:100%;--awb-order-small:0;--awb-spacing-right-small:15px;--awb-spacing-left-small:15px;\"><div class=\"fusion-column-wrapper fusion-column-has-shadow fusion-flex-justify-content-space-between fusion-content-layout-column\"><div class=\"fusion-title title fusion-title-6 fusion-sep-none fusion-title-center fusion-title-text fusion-title-size-three\" style=\"--awb-text-color:var(--awb-color7);--awb-margin-top-small:20px;--awb-margin-right-small:0px;--awb-margin-bottom-small:20px;--awb-margin-left-small:0px;\"><h3 class=\"fusion-title-heading title-heading-center fusion-responsive-typography-calculated\" style=\"margin:0;--fontSize:35;line-height:1.5;\">Industrielles DC-Netzteil: Power-SPIN<\/h3><\/div><div class=\"fusion-text fusion-text-5\" style=\"--awb-content-alignment:justify;--awb-text-transform:none;--awb-text-color:var(--awb-color8);\"><p>Eine programmierbare DC-Quelle mit kleinem Volumen, hoher Leistung und hoher Leistungsdichte.<\/p>\n<\/div><div style=\"text-align:center;\"><a class=\"fusion-button button-flat fusion-button-default-size button-default fusion-button-default button-5 fusion-button-default-span fusion-button-default-type button2lines\" target=\"_self\" href=\"https:\/\/mcbelectronics.it\/de\/produkte\/dc-netzteile\"><span class=\"fusion-button-text awb-button__text awb-button__text--default\">Weitere Informationen \u00fcber industrielle ac\/dc-Netzteile<\/span><\/a><\/div><\/div><\/div><div class=\"fusion-layout-column fusion_builder_column fusion-builder-column-8 fusion_builder_column_1_3 1_3 fusion-flex-column\" style=\"--awb-padding-top:30px;--awb-padding-right:30px;--awb-padding-bottom:30px;--awb-padding-left:30px;--awb-bg-color:#ffffff;--awb-bg-color-hover:#ffffff;--awb-bg-blend:overlay;--awb-bg-size:cover;--awb-border-color:#000080;--awb-border-top:2px;--awb-border-right:2px;--awb-border-bottom:2px;--awb-border-left:2px;--awb-border-style:solid;--awb-width-large:33.333333333333%;--awb-margin-top-large:15px;--awb-spacing-right-large:15px;--awb-margin-bottom-large:15px;--awb-spacing-left-large:15px;--awb-width-medium:100%;--awb-order-medium:0;--awb-spacing-right-medium:15px;--awb-spacing-left-medium:15px;--awb-width-small:100%;--awb-order-small:0;--awb-spacing-right-small:15px;--awb-spacing-left-small:15px;\"><div class=\"fusion-column-wrapper fusion-column-has-shadow fusion-flex-justify-content-space-between fusion-content-layout-column\"><div class=\"fusion-title title fusion-title-7 fusion-sep-none fusion-title-center fusion-title-text fusion-title-size-three\" style=\"--awb-text-color:var(--awb-color7);--awb-margin-top-small:20px;--awb-margin-right-small:0px;--awb-margin-bottom-small:20px;--awb-margin-left-small:0px;\"><h3 class=\"fusion-title-heading title-heading-center fusion-responsive-typography-calculated\" style=\"margin:0;--fontSize:35;line-height:1.5;\">Regenerative DC-Stromversorgung: Power-GEN<\/h3><\/div><div class=\"fusion-text fusion-text-6\" style=\"--awb-content-alignment:justify;--awb-text-transform:none;--awb-text-color:var(--awb-color8);\"><p><span lang=\"en-US\">Ein bidirektionales, programmierbares DC-Netzteil mit gro\u00dfer Reichweite und DC-Stromversorgung sowie regenerativen Lastfunktionen.<\/span><\/p>\n<\/div><div style=\"text-align:center;\"><a class=\"fusion-button button-flat fusion-button-default-size button-default fusion-button-default button-6 fusion-button-default-span fusion-button-default-type button2lines\" target=\"_self\" href=\"https:\/\/mcbelectronics.it\/de?page_id=11925\"><span class=\"fusion-button-text awb-button__text awb-button__text--default\">Weitere Informationen zu regenerativen DC-Netzteilen<\/span><\/a><\/div><\/div><\/div><\/div><\/div><div class=\"fusion-fullwidth fullwidth-box fusion-builder-row-3 fusion-flex-container has-pattern-background has-mask-background nonhundred-percent-fullwidth non-hundred-percent-height-scrolling\" style=\"--link_color: #ffffff;--awb-border-radius-top-left:0px;--awb-border-radius-top-right:0px;--awb-border-radius-bottom-right:0px;--awb-border-radius-bottom-left:0px;--awb-background-color:var(--awb-color2);--awb-flex-wrap:wrap;\" ><div class=\"fusion-builder-row fusion-row fusion-flex-align-items-flex-start fusion-flex-content-wrap\" style=\"max-width:calc( 1200px + 30px );margin-left: calc(-30px \/ 2 );margin-right: calc(-30px \/ 2 );\"><div class=\"fusion-layout-column fusion_builder_column fusion-builder-column-9 fusion_builder_column_1_1 1_1 fusion-flex-column\" style=\"--awb-bg-size:cover;--awb-width-large:100%;--awb-margin-top-large:15px;--awb-spacing-right-large:15px;--awb-margin-bottom-large:15px;--awb-spacing-left-large:15px;--awb-width-medium:100%;--awb-order-medium:0;--awb-spacing-right-medium:15px;--awb-spacing-left-medium:15px;--awb-width-small:100%;--awb-order-small:0;--awb-spacing-right-small:15px;--awb-spacing-left-small:15px;\"><div class=\"fusion-column-wrapper fusion-column-has-shadow fusion-flex-justify-content-flex-start fusion-content-layout-column\"><div class=\"fusion-text fusion-text-7\" style=\"--awb-content-alignment:center;--awb-text-transform:none;--awb-text-color:var(--awb-color1);\"><p>M\u00f6chten Sie mehr \u00fcber die Produkte von MCB Electronics erfahren? F\u00fcr Datenbl\u00e4tter, Anfragen und Anpassungen <a href=\"https:\/\/mcbelectronics.it\/de\/kontakt\">nehmen Sie Kontakt mit uns auf!<\/a><\/p>\n<\/div><\/div><\/div><\/div><\/div><\/p>\n","protected":false},"excerpt":{"rendered":"","protected":false},"author":1,"featured_media":0,"parent":0,"menu_order":0,"comment_status":"closed","ping_status":"closed","template":"100-width.php","meta":{"footnotes":""},"class_list":["post-4571","page","type-page","status-publish","hentry"],"yoast_head":"<!-- This site is optimized with the Yoast SEO Premium plugin v26.6 (Yoast SEO v27.3) - https:\/\/yoast.com\/product\/yoast-seo-premium-wordpress\/ -->\n<title>MCB Electronics Produkte - Stromquellen, Stromgeneratoren<\/title>\n<meta name=\"description\" content=\"Unsere Produkte: AC-Stromquellen, AC- und DC-Stromgeneratoren, Industrielle Batterieladeger\u00e4te, kundenspezifische industrielle Stromversorgungsl\u00f6sungen\" \/>\n<meta name=\"robots\" content=\"index, follow, max-snippet:-1, max-image-preview:large, max-video-preview:-1\" \/>\n<link rel=\"canonical\" href=\"https:\/\/mcbelectronics.it\/de\/produkte\" \/>\n<meta property=\"og:locale\" content=\"de_DE\" \/>\n<meta property=\"og:type\" content=\"article\" \/>\n<meta property=\"og:title\" content=\"Produkte\" \/>\n<meta property=\"og:url\" content=\"https:\/\/mcbelectronics.it\/de\/produkte\" \/>\n<meta property=\"og:site_name\" content=\"MCB Elettronica\" \/>\n<meta property=\"article:modified_time\" content=\"2024-03-12T08:07:06+00:00\" \/>\n<meta property=\"og:image\" content=\"https:\/\/mcbelectronics.it\/wp-content\/uploads\/2021\/03\/cropped-favicon.gif\" \/>\n\t<meta property=\"og:image:width\" content=\"512\" \/>\n\t<meta property=\"og:image:height\" content=\"512\" \/>\n\t<meta property=\"og:image:type\" content=\"image\/gif\" \/>\n<meta name=\"twitter:card\" content=\"summary_large_image\" \/>\n<meta name=\"twitter:label1\" content=\"Gesch\u00e4tzte Lesezeit\" \/>\n\t<meta name=\"twitter:data1\" content=\"34\u00a0Minuten\" \/>\n<script type=\"application\/ld+json\" class=\"yoast-schema-graph\">{\"@context\":\"https:\\\/\\\/schema.org\",\"@graph\":[{\"@type\":\"WebPage\",\"@id\":\"https:\\\/\\\/mcbelectronics.it\\\/de\\\/produkte\",\"url\":\"https:\\\/\\\/mcbelectronics.it\\\/de\\\/produkte\",\"name\":\"MCB Electronics Produkte - Stromquellen, Stromgeneratoren\",\"isPartOf\":{\"@id\":\"https:\\\/\\\/mcbelectronics.it\\\/de#website\"},\"datePublished\":\"2021-03-24T14:53:18+00:00\",\"dateModified\":\"2024-03-12T08:07:06+00:00\",\"description\":\"Unsere Produkte: AC-Stromquellen, AC- und DC-Stromgeneratoren, Industrielle Batterieladeger\u00e4te, kundenspezifische industrielle Stromversorgungsl\u00f6sungen\",\"breadcrumb\":{\"@id\":\"https:\\\/\\\/mcbelectronics.it\\\/de\\\/produkte#breadcrumb\"},\"inLanguage\":\"de\",\"potentialAction\":[{\"@type\":\"ReadAction\",\"target\":[\"https:\\\/\\\/mcbelectronics.it\\\/de\\\/produkte\"]}]},{\"@type\":\"BreadcrumbList\",\"@id\":\"https:\\\/\\\/mcbelectronics.it\\\/de\\\/produkte#breadcrumb\",\"itemListElement\":[{\"@type\":\"ListItem\",\"position\":1,\"name\":\"Home\",\"item\":\"https:\\\/\\\/mcbelectronics.it\\\/de\\\/startseite\"},{\"@type\":\"ListItem\",\"position\":2,\"name\":\"Produkte\"}]},{\"@type\":\"WebSite\",\"@id\":\"https:\\\/\\\/mcbelectronics.it\\\/de#website\",\"url\":\"https:\\\/\\\/mcbelectronics.it\\\/de\",\"name\":\"MCB Elettronica\",\"description\":\"Elettronica di potenza\",\"publisher\":{\"@id\":\"https:\\\/\\\/mcbelectronics.it\\\/de#organization\"},\"potentialAction\":[{\"@type\":\"SearchAction\",\"target\":{\"@type\":\"EntryPoint\",\"urlTemplate\":\"https:\\\/\\\/mcbelectronics.it\\\/de?s={search_term_string}\"},\"query-input\":{\"@type\":\"PropertyValueSpecification\",\"valueRequired\":true,\"valueName\":\"search_term_string\"}}],\"inLanguage\":\"de\"},{\"@type\":\"Organization\",\"@id\":\"https:\\\/\\\/mcbelectronics.it\\\/de#organization\",\"name\":\"MCB Electronics\",\"alternateName\":\"MCB Srl\",\"url\":\"https:\\\/\\\/mcbelectronics.it\\\/de\",\"logo\":{\"@type\":\"ImageObject\",\"inLanguage\":\"de\",\"@id\":\"https:\\\/\\\/mcbelectronics.it\\\/de#\\\/schema\\\/logo\\\/image\\\/\",\"url\":\"https:\\\/\\\/mcbelectronics.it\\\/wp-content\\\/uploads\\\/2021\\\/03\\\/MCB-ELECTRONICS-logo2021-w200.svg\",\"contentUrl\":\"https:\\\/\\\/mcbelectronics.it\\\/wp-content\\\/uploads\\\/2021\\\/03\\\/MCB-ELECTRONICS-logo2021-w200.svg\",\"width\":200,\"height\":96,\"caption\":\"MCB Electronics\"},\"image\":{\"@id\":\"https:\\\/\\\/mcbelectronics.it\\\/de#\\\/schema\\\/logo\\\/image\\\/\"},\"sameAs\":[\"https:\\\/\\\/www.instagram.com\\\/mcbelectronics\\\/\",\"https:\\\/\\\/www.linkedin.com\\\/company\\\/mcbelectronics\\\/\"]}]}<\/script>\n<!-- \/ Yoast SEO Premium plugin. -->","yoast_head_json":{"title":"MCB Electronics Produkte - Stromquellen, Stromgeneratoren","description":"Unsere Produkte: AC-Stromquellen, AC- und DC-Stromgeneratoren, Industrielle Batterieladeger\u00e4te, kundenspezifische industrielle Stromversorgungsl\u00f6sungen","robots":{"index":"index","follow":"follow","max-snippet":"max-snippet:-1","max-image-preview":"max-image-preview:large","max-video-preview":"max-video-preview:-1"},"canonical":"https:\/\/mcbelectronics.it\/de\/produkte","og_locale":"de_DE","og_type":"article","og_title":"Produkte","og_url":"https:\/\/mcbelectronics.it\/de\/produkte","og_site_name":"MCB Elettronica","article_modified_time":"2024-03-12T08:07:06+00:00","og_image":[{"width":512,"height":512,"url":"https:\/\/mcbelectronics.it\/wp-content\/uploads\/2021\/03\/cropped-favicon.gif","type":"image\/gif"}],"twitter_card":"summary_large_image","twitter_misc":{"Gesch\u00e4tzte Lesezeit":"34\u00a0Minuten"},"schema":{"@context":"https:\/\/schema.org","@graph":[{"@type":"WebPage","@id":"https:\/\/mcbelectronics.it\/de\/produkte","url":"https:\/\/mcbelectronics.it\/de\/produkte","name":"MCB Electronics Produkte - Stromquellen, Stromgeneratoren","isPartOf":{"@id":"https:\/\/mcbelectronics.it\/de#website"},"datePublished":"2021-03-24T14:53:18+00:00","dateModified":"2024-03-12T08:07:06+00:00","description":"Unsere Produkte: AC-Stromquellen, AC- und DC-Stromgeneratoren, Industrielle Batterieladeger\u00e4te, kundenspezifische industrielle Stromversorgungsl\u00f6sungen","breadcrumb":{"@id":"https:\/\/mcbelectronics.it\/de\/produkte#breadcrumb"},"inLanguage":"de","potentialAction":[{"@type":"ReadAction","target":["https:\/\/mcbelectronics.it\/de\/produkte"]}]},{"@type":"BreadcrumbList","@id":"https:\/\/mcbelectronics.it\/de\/produkte#breadcrumb","itemListElement":[{"@type":"ListItem","position":1,"name":"Home","item":"https:\/\/mcbelectronics.it\/de\/startseite"},{"@type":"ListItem","position":2,"name":"Produkte"}]},{"@type":"WebSite","@id":"https:\/\/mcbelectronics.it\/de#website","url":"https:\/\/mcbelectronics.it\/de","name":"MCB Elettronica","description":"Elettronica di potenza","publisher":{"@id":"https:\/\/mcbelectronics.it\/de#organization"},"potentialAction":[{"@type":"SearchAction","target":{"@type":"EntryPoint","urlTemplate":"https:\/\/mcbelectronics.it\/de?s={search_term_string}"},"query-input":{"@type":"PropertyValueSpecification","valueRequired":true,"valueName":"search_term_string"}}],"inLanguage":"de"},{"@type":"Organization","@id":"https:\/\/mcbelectronics.it\/de#organization","name":"MCB Electronics","alternateName":"MCB Srl","url":"https:\/\/mcbelectronics.it\/de","logo":{"@type":"ImageObject","inLanguage":"de","@id":"https:\/\/mcbelectronics.it\/de#\/schema\/logo\/image\/","url":"https:\/\/mcbelectronics.it\/wp-content\/uploads\/2021\/03\/MCB-ELECTRONICS-logo2021-w200.svg","contentUrl":"https:\/\/mcbelectronics.it\/wp-content\/uploads\/2021\/03\/MCB-ELECTRONICS-logo2021-w200.svg","width":200,"height":96,"caption":"MCB Electronics"},"image":{"@id":"https:\/\/mcbelectronics.it\/de#\/schema\/logo\/image\/"},"sameAs":["https:\/\/www.instagram.com\/mcbelectronics\/","https:\/\/www.linkedin.com\/company\/mcbelectronics\/"]}]}},"_links":{"self":[{"href":"https:\/\/mcbelectronics.it\/de\/wp-json\/wp\/v2\/pages\/4571","targetHints":{"allow":["GET"]}}],"collection":[{"href":"https:\/\/mcbelectronics.it\/de\/wp-json\/wp\/v2\/pages"}],"about":[{"href":"https:\/\/mcbelectronics.it\/de\/wp-json\/wp\/v2\/types\/page"}],"author":[{"embeddable":true,"href":"https:\/\/mcbelectronics.it\/de\/wp-json\/wp\/v2\/users\/1"}],"replies":[{"embeddable":true,"href":"https:\/\/mcbelectronics.it\/de\/wp-json\/wp\/v2\/comments?post=4571"}],"version-history":[{"count":70,"href":"https:\/\/mcbelectronics.it\/de\/wp-json\/wp\/v2\/pages\/4571\/revisions"}],"predecessor-version":[{"id":12097,"href":"https:\/\/mcbelectronics.it\/de\/wp-json\/wp\/v2\/pages\/4571\/revisions\/12097"}],"wp:attachment":[{"href":"https:\/\/mcbelectronics.it\/de\/wp-json\/wp\/v2\/media?parent=4571"}],"curies":[{"name":"wp","href":"https:\/\/api.w.org\/{rel}","templated":true}]}}